{"id":220,"date":"2025-06-06T13:35:23","date_gmt":"2025-06-06T13:35:23","guid":{"rendered":"https:\/\/leo.webdigital.fr\/?page_id=220"},"modified":"2025-06-10T11:59:05","modified_gmt":"2025-06-10T11:59:05","slug":"acceuil","status":"publish","type":"page","link":"https:\/\/leo.webdigital.fr\/","title":{"rendered":"Acceuil"},"content":{"rendered":"<p>[et_pb_section fb_built=\u00a0\u00bb1&Prime; theme_builder_area=\u00a0\u00bbpost_content\u00a0\u00bb _builder_version=\u00a0\u00bb4.27.4&Prime; _module_preset=\u00a0\u00bbdefault\u00a0\u00bb title_text=\u00a0\u00bb360_F_308075782_n2CmkdBKAqF956PUbTKhIg8D2yTws1iW\u00a0\u00bb background_image=\u00a0\u00bbhttps:\/\/leo.webdigital.fr\/wp-content\/uploads\/2025\/05\/360_F_308075782_n2CmkdBKAqF956PUbTKhIg8D2yTws1iW.jpg\u00a0\u00bb hover_enabled=\u00a0\u00bb0&Prime; sticky_enabled=\u00a0\u00bb0&Prime; custom_padding=\u00a0\u00bb||300px|||\u00a0\u00bb][\/et_pb_section][et_pb_section fb_built=\u00a0\u00bb1&Prime; _builder_version=\u00a0\u00bb4.27.4&Prime; _module_preset=\u00a0\u00bbdefault\u00a0\u00bb global_colors_info=\u00a0\u00bb{}\u00a0\u00bb min_height=\u00a0\u00bb603.7px\u00a0\u00bb][et_pb_row column_structure=\u00a0\u00bb1_2,1_2&Prime; _builder_version=\u00a0\u00bb4.27.4&Prime; _module_preset=\u00a0\u00bbdefault\u00a0\u00bb global_colors_info=\u00a0\u00bb{}\u00a0\u00bb][et_pb_column type=\u00a0\u00bb1_2&Prime; _builder_version=\u00a0\u00bb4.27.4&Prime; _module_preset=\u00a0\u00bbdefault\u00a0\u00bb global_colors_info=\u00a0\u00bb{}\u00a0\u00bb][et_pb_text _builder_version=\u00a0\u00bb4.27.4&Prime; _module_preset=\u00a0\u00bbdefault\u00a0\u00bb width=\u00a0\u00bb99%\u00a0\u00bb custom_padding=\u00a0\u00bb70px|||||\u00a0\u00bb global_colors_info=\u00a0\u00bb{}\u00a0\u00bb]<\/p>\n<p style=\"text-align: center;\">Je m&rsquo;appelle L\u00e9o, je suis actuellement en Bac Pro, et je suis passionn\u00e9 de badminton depuis l&rsquo;\u00e2ge de 10 ans. Ce sport occupe une place tr\u00e8s importante dans ma vie, aussi bien sur le plan physique que mental. Mon objectif \u00e0 long terme est de devenir enseignant, afin de pouvoir transmettre cette passion \u00e0 d&rsquo;autres, encadrer des jeunes, les faire progresser, et leur donner \u00e0 leur tour le go\u00fbt de l&rsquo;effort, de la technique et du jeu en \u00e9quipe.<\/p>\n<p>[\/et_pb_text][\/et_pb_column][et_pb_column type=\u00a0\u00bb1_2&Prime; _builder_version=\u00a0\u00bb4.27.4&Prime; _module_preset=\u00a0\u00bbdefault\u00a0\u00bb global_colors_info=\u00a0\u00bb{}\u00a0\u00bb][et_pb_image src=\u00a0\u00bbhttps:\/\/leo.webdigital.fr\/wp-content\/uploads\/2025\/05\/1000019799-1-1.png\u00a0\u00bb title_text=\u00a0\u00bb1000019799 1&Prime; _builder_version=\u00a0\u00bb4.27.4&Prime; _module_preset=\u00a0\u00bbdefault\u00a0\u00bb min_height=\u00a0\u00bb402px\u00a0\u00bb custom_padding=\u00a0\u00bb|||86px||\u00a0\u00bb global_colors_info=\u00a0\u00bb{}\u00a0\u00bb][\/et_pb_image][\/et_pb_column][\/et_pb_row][et_pb_row _builder_version=\u00a0\u00bb4.27.4&Prime; _module_preset=\u00a0\u00bbdefault\u00a0\u00bb][et_pb_column _builder_version=\u00a0\u00bb4.27.4&Prime; _module_preset=\u00a0\u00bbdefault\u00a0\u00bb type=\u00a0\u00bb4_4&Prime;][\/et_pb_column][\/et_pb_row][\/et_pb_section][et_pb_section fb_built=\u00a0\u00bb1&Prime; _builder_version=\u00a0\u00bb4.27.4&Prime; _module_preset=\u00a0\u00bbdefault\u00a0\u00bb custom_padding=\u00a0\u00bb52px|||||\u00a0\u00bb global_colors_info=\u00a0\u00bb{}\u00a0\u00bb][et_pb_row column_structure=\u00a0\u00bb1_2,1_2&Prime; _builder_version=\u00a0\u00bb4.27.4&Prime; _module_preset=\u00a0\u00bbdefault\u00a0\u00bb background_image=\u00a0\u00bbhttps:\/\/leo.webdigital.fr\/wp-content\/uploads\/2025\/05\/1000017466.webp\u00a0\u00bb min_height=\u00a0\u00bb635.8px\u00a0\u00bb global_colors_info=\u00a0\u00bb{}\u00a0\u00bb][et_pb_column type=\u00a0\u00bb1_2&Prime; _builder_version=\u00a0\u00bb4.27.4&Prime; _module_preset=\u00a0\u00bbdefault\u00a0\u00bb global_colors_info=\u00a0\u00bb{}\u00a0\u00bb][\/et_pb_column][et_pb_column type=\u00a0\u00bb1_2&Prime; _builder_version=\u00a0\u00bb4.27.4&Prime; _module_preset=\u00a0\u00bbdefault\u00a0\u00bb global_colors_info=\u00a0\u00bb{}\u00a0\u00bb][et_pb_text _builder_version=\u00a0\u00bb4.27.4&Prime; _module_preset=\u00a0\u00bbdefault\u00a0\u00bb global_colors_info=\u00a0\u00bb{}\u00a0\u00bb]<\/p>\n<div><\/div>\n<p><span style=\"color: #dddddd;\">Ce que je propose<\/span><\/p>\n<p><span style=\"color: #dddddd;\"><br \/>\n\ud83e\udd47 Coaching individuel ou en petit groupe\u2028<\/span><\/p>\n<p><span style=\"color: #dddddd;\">\ud83e\udd47 S\u00e9ances adapt\u00e9es \u00e0 votre niveau<\/span><\/p>\n<p><span style=\"color: #dddddd;\">\ud83e\udd47 \u00c9chauffement, techniques de base, d\u00e9placements, smash, d\u00e9fense, services<\/span><\/p>\n<p><span style=\"color: #dddddd;\">\u2028\ud83e\udd47 Pr\u00e9paration physique et mentale\u2028<\/span><\/p>\n<p><span style=\"color: #dddddd;\">\ud83e\udd47 Conseils personnalis\u00e9s et suivi des progr\u00e8s<\/span><br \/>\n[\/et_pb_text][\/et_pb_column][\/et_pb_row][\/et_pb_section][et_pb_section fb_built=\u00a0\u00bb1&Prime; _builder_version=\u00a0\u00bb4.27.4&Prime; _module_preset=\u00a0\u00bbdefault\u00a0\u00bb global_colors_info=\u00a0\u00bb{}\u00a0\u00bb][et_pb_row column_structure=\u00a0\u00bb1_3,1_3,1_3&Prime; _builder_version=\u00a0\u00bb4.27.4&Prime; _module_preset=\u00a0\u00bbdefault\u00a0\u00bb global_colors_info=\u00a0\u00bb{}\u00a0\u00bb][et_pb_column type=\u00a0\u00bb1_3&Prime; _builder_version=\u00a0\u00bb4.27.4&Prime; _module_preset=\u00a0\u00bbdefault\u00a0\u00bb global_colors_info=\u00a0\u00bb{}\u00a0\u00bb][et_pb_image src=\u00a0\u00bbhttps:\/\/leo.webdigital.fr\/wp-content\/uploads\/2025\/05\/FM01Y4AaIAA2e_E-scaled.jpg\u00a0\u00bb title_text=\u00a0\u00bbFM01Y4AaIAA2e_E\u00a0\u00bb _builder_version=\u00a0\u00bb4.27.4&Prime; _module_preset=\u00a0\u00bbdefault\u00a0\u00bb global_colors_info=\u00a0\u00bb{}\u00a0\u00bb][\/et_pb_image][\/et_pb_column][et_pb_column type=\u00a0\u00bb1_3&Prime; _builder_version=\u00a0\u00bb4.27.4&Prime; _module_preset=\u00a0\u00bbdefault\u00a0\u00bb global_colors_info=\u00a0\u00bb{}\u00a0\u00bb][et_pb_text _builder_version=\u00a0\u00bb4.27.4&Prime; _module_preset=\u00a0\u00bbdefault\u00a0\u00bb background_color=\u00a0\u00bb#1FD7E0&Prime; global_colors_info=\u00a0\u00bb{}\u00a0\u00bb]<\/p>\n<p style=\"text-align: center;\"><span style=\"color: #e8e8e8;\">Bessaignet Leo<\/span><br \/><span style=\"color: #e8e8e8;\"> PARIS<\/span><\/p>\n<p><span style=\"color: #e8e8e8;\">clas: S-d8 \/ D-d9 \/ M-d9<\/span><br \/><span style=\"color: #e8e8e8;\"> Tarifs -20\u20ac \/ 1h<\/span><br \/><span style=\"color: #e8e8e8;\"> -36\u20ac \/ 2h<\/span><\/p>\n<p><span style=\"color: #e8e8e8;\">rejoins moi sur le terrain<\/span><\/p>\n<p>&nbsp;<\/p>\n<p>&nbsp;<\/p>\n<p>[\/et_pb_text][\/et_pb_column][et_pb_column type=\u00a0\u00bb1_3&Prime; _builder_version=\u00a0\u00bb4.27.4&Prime; _module_preset=\u00a0\u00bbdefault\u00a0\u00bb global_colors_info=\u00a0\u00bb{}\u00a0\u00bb][et_pb_image src=\u00a0\u00bbhttps:\/\/leo.webdigital.fr\/wp-content\/uploads\/2025\/05\/2756397.jpg\u00a0\u00bb title_text=\u00a0\u00bbOlympics: Badminton, Day 10&Prime; _builder_version=\u00a0\u00bb4.27.4&Prime; _module_preset=\u00a0\u00bbdefault\u00a0\u00bb global_colors_info=\u00a0\u00bb{}\u00a0\u00bb][\/et_pb_image][\/et_pb_column][\/et_pb_row][\/et_pb_section]<\/p>\n","protected":false},"excerpt":{"rendered":"<p>Je m&rsquo;appelle L\u00e9o, je suis actuellement en Bac Pro, et je suis passionn\u00e9 de badminton depuis l&rsquo;\u00e2ge de 10 ans. Ce sport occupe une place tr\u00e8s importante dans ma vie, aussi bien sur le plan physique que mental. Mon objectif \u00e0 long terme est de devenir enseignant, afin de pouvoir transmettre cette passion \u00e0 d&rsquo;autres, [&hellip;]<\/p>\n","protected":false},"author":1,"featured_media":0,"parent":0,"menu_order":0,"comment_status":"closed","ping_status":"closed","template":"","meta":{"_et_pb_use_builder":"on","_et_pb_old_content":"","_et_gb_content_width":"","footnotes":""},"class_list":["post-220","page","type-page","status-publish","hentry"],"_links":{"self":[{"href":"https:\/\/leo.webdigital.fr\/index.php?rest_route=\/wp\/v2\/pages\/220","targetHints":{"allow":["GET"]}}],"collection":[{"href":"https:\/\/leo.webdigital.fr\/index.php?rest_route=\/wp\/v2\/pages"}],"about":[{"href":"https:\/\/leo.webdigital.fr\/index.php?rest_route=\/wp\/v2\/types\/page"}],"author":[{"embeddable":true,"href":"https:\/\/leo.webdigital.fr\/index.php?rest_route=\/wp\/v2\/users\/1"}],"replies":[{"embeddable":true,"href":"https:\/\/leo.webdigital.fr\/index.php?rest_route=%2Fwp%2Fv2%2Fcomments&post=220"}],"version-history":[{"count":7,"href":"https:\/\/leo.webdigital.fr\/index.php?rest_route=\/wp\/v2\/pages\/220\/revisions"}],"predecessor-version":[{"id":242,"href":"https:\/\/leo.webdigital.fr\/index.php?rest_route=\/wp\/v2\/pages\/220\/revisions\/242"}],"wp:attachment":[{"href":"https:\/\/leo.webdigital.fr\/index.php?rest_route=%2Fwp%2Fv2%2Fmedia&parent=220"}],"curies":[{"name":"wp","href":"https:\/\/api.w.org\/{rel}","templated":true}]}}