{"id":90,"date":"2025-06-02T10:19:04","date_gmt":"2025-06-02T10:19:04","guid":{"rendered":"https:\/\/leo.webdigital.fr\/?page_id=90"},"modified":"2025-06-06T07:53:07","modified_gmt":"2025-06-06T07:53:07","slug":"cours","status":"publish","type":"page","link":"https:\/\/leo.webdigital.fr\/?page_id=90","title":{"rendered":"Cours"},"content":{"rendered":"<p>[et_pb_section fb_built=\u00a0\u00bb1&Prime; theme_builder_area=\u00a0\u00bbpost_content\u00a0\u00bb _builder_version=\u00a0\u00bb4.27.4&Prime; _module_preset=\u00a0\u00bbdefault\u00a0\u00bb custom_margin=\u00a0\u00bb||-48px|||\u00a0\u00bb][et_pb_row _builder_version=\u00a0\u00bb4.27.4&Prime; _module_preset=\u00a0\u00bbdefault\u00a0\u00bb column_structure=\u00a0\u00bb1_2,1_2&Prime; theme_builder_area=\u00a0\u00bbpost_content\u00a0\u00bb hover_enabled=\u00a0\u00bb0&Prime; sticky_enabled=\u00a0\u00bb0&Prime;][et_pb_column _builder_version=\u00a0\u00bb4.27.4&Prime; _module_preset=\u00a0\u00bbdefault\u00a0\u00bb type=\u00a0\u00bb1_2&Prime; theme_builder_area=\u00a0\u00bbpost_content\u00a0\u00bb][et_pb_text _builder_version=\u00a0\u00bb4.27.4&Prime; _module_preset=\u00a0\u00bbdefault\u00a0\u00bb theme_builder_area=\u00a0\u00bbpost_content\u00a0\u00bb hover_enabled=\u00a0\u00bb0&Prime; sticky_enabled=\u00a0\u00bb0&Prime; custom_padding=\u00a0\u00bb||22px|||\u00a0\u00bb background_color=\u00a0\u00bb#00d3cc\u00a0\u00bb]<\/p>\n<p style=\"text-align: center;\">COURS<\/p>\n<p>&nbsp;<\/p>\n<p>[\/et_pb_text][et_pb_text _builder_version=\u00a0\u00bb4.27.4&Prime; _module_preset=\u00a0\u00bbdefault\u00a0\u00bb theme_builder_area=\u00a0\u00bbpost_content\u00a0\u00bb hover_enabled=\u00a0\u00bb0&Prime; sticky_enabled=\u00a0\u00bb0&Prime;]<\/p>\n<h3 data-start=\"475\" data-end=\"508\"><strong data-start=\"485\" data-end=\"508\">Introduction rapide<\/strong><\/h3>\n<p data-start=\"509\" data-end=\"557\">Explique ce que tu vas enseigner dans ce cours :<\/p>\n<blockquote data-start=\"558\" data-end=\"714\">\n<p data-start=\"560\" data-end=\"714\">Ce cours est destin\u00e9 aux d\u00e9butants. On y apprend la prise de raquette, les d\u00e9placements de base et les premi\u00e8res frappes simples (d\u00e9gagements et amortis).<\/p>\n<p data-start=\"560\" data-end=\"714\"><\/blockquote>\n<p>[\/et_pb_text][\/et_pb_column][et_pb_column _builder_version=\u00a0\u00bb4.27.4&Prime; _module_preset=\u00a0\u00bbdefault\u00a0\u00bb type=\u00a0\u00bb1_2&Prime; theme_builder_area=\u00a0\u00bbpost_content\u00a0\u00bb][et_pb_text _builder_version=\u00a0\u00bb4.27.4&Prime; _module_preset=\u00a0\u00bbdefault\u00a0\u00bb theme_builder_area=\u00a0\u00bbpost_content\u00a0\u00bb background_color=\u00a0\u00bb#1FD7E0&Prime; hover_enabled=\u00a0\u00bb0&Prime; sticky_enabled=\u00a0\u00bb0&Prime;]<\/p>\n<h3 data-start=\"721\" data-end=\"753\"><span style=\"color: #f2f2f2;\"><strong data-start=\"731\" data-end=\"753\">Objectifs du cours<\/strong><\/span><\/h3>\n<p data-start=\"754\" data-end=\"768\"><span style=\"color: #f2f2f2;\">Liste courte :<\/span><\/p>\n<ul data-start=\"769\" data-end=\"886\">\n<li data-start=\"769\" data-end=\"791\">\n<p data-start=\"771\" data-end=\"791\"><span style=\"color: #f2f2f2;\">Am\u00e9liorer la posture<\/span><\/p>\n<\/li>\n<li data-start=\"792\" data-end=\"830\">\n<p data-start=\"794\" data-end=\"830\"><span style=\"color: #f2f2f2;\">Apprendre les coups de fond de court<\/span><\/p>\n<\/li>\n<li data-start=\"831\" data-end=\"860\">\n<p data-start=\"833\" data-end=\"860\"><span style=\"color: #f2f2f2;\">Travailler le jeu de jambes<\/span><\/p>\n<\/li>\n<li data-start=\"861\" data-end=\"886\">\n<p data-start=\"863\" data-end=\"886\"><span style=\"color: #f2f2f2;\">G\u00e9rer un \u00e9change simple<\/span><\/p>\n<\/li>\n<\/ul>\n<hr data-start=\"888\" data-end=\"891\" \/>[\/et_pb_text][\/et_pb_column][\/et_pb_row][\/et_pb_section][et_pb_section fb_built=\u00a0\u00bb1&Prime; theme_builder_area=\u00a0\u00bbpost_content\u00a0\u00bb _builder_version=\u00a0\u00bb4.27.4&Prime; _module_preset=\u00a0\u00bbdefault\u00a0\u00bb][et_pb_row _builder_version=\u00a0\u00bb4.27.4&Prime; _module_preset=\u00a0\u00bbdefault\u00a0\u00bb theme_builder_area=\u00a0\u00bbpost_content\u00a0\u00bb custom_padding=\u00a0\u00bb21px|||||\u00a0\u00bb column_structure=\u00a0\u00bb1_2,1_2&Prime;][et_pb_column _builder_version=\u00a0\u00bb4.27.4&Prime; _module_preset=\u00a0\u00bbdefault\u00a0\u00bb type=\u00a0\u00bb1_2&Prime; theme_builder_area=\u00a0\u00bbpost_content\u00a0\u00bb][et_pb_text _builder_version=\u00a0\u00bb4.27.4&Prime; _module_preset=\u00a0\u00bbdefault\u00a0\u00bb theme_builder_area=\u00a0\u00bbpost_content\u00a0\u00bb hover_enabled=\u00a0\u00bb0&Prime; sticky_enabled=\u00a0\u00bb0&Prime;]<\/p>\n<h3 data-start=\"893\" data-end=\"932\"><strong data-start=\"903\" data-end=\"932\">Contenu d\u00e9taill\u00e9 du cours<\/strong><\/h3>\n<p data-start=\"934\" data-end=\"977\">Tu peux d\u00e9couper en sections, par exemple :<\/p>\n<h4 data-start=\"979\" data-end=\"1008\">\ud83d\udccc \u00c9chauffement (10 min)<\/h4>\n<ul data-start=\"1009\" data-end=\"1083\">\n<li data-start=\"1009\" data-end=\"1048\">\n<p data-start=\"1011\" data-end=\"1048\">Course l\u00e9g\u00e8re + \u00e9tirements dynamiques<\/p>\n<\/li>\n<li data-start=\"1049\" data-end=\"1083\">\n<p data-start=\"1051\" data-end=\"1083\">Petits exercices de coordination<\/p>\n<\/li>\n<\/ul>\n<h4 data-start=\"1085\" data-end=\"1111\">\ud83d\udccc Technique (20 min)<\/h4>\n<ul data-start=\"1112\" data-end=\"1223\">\n<li data-start=\"1112\" data-end=\"1146\">\n<p data-start=\"1114\" data-end=\"1146\">Travail sur la prise de raquette<\/p>\n<\/li>\n<li data-start=\"1147\" data-end=\"1191\">\n<p data-start=\"1149\" data-end=\"1191\">Apprentissage du d\u00e9gagement et de l\u2019amorti<\/p>\n<\/li>\n<li data-start=\"1192\" data-end=\"1223\">\n<p data-start=\"1194\" data-end=\"1223\">D\u00e9placement en V ou en \u00e9toile<\/p>\n<\/li>\n<\/ul>\n<h4 data-start=\"1225\" data-end=\"1264\">\ud83d\udccc Jeu \/ mise en pratique (20 min)<\/h4>\n<ul data-start=\"1265\" data-end=\"1332\">\n<li data-start=\"1265\" data-end=\"1289\">\n<p data-start=\"1267\" data-end=\"1289\">Rallonges \u00e0 3 \u00e9changes<\/p>\n<\/li>\n<li data-start=\"1290\" data-end=\"1311\">\n<p data-start=\"1292\" data-end=\"1311\">Jeu en demi-terrain<\/p>\n<\/li>\n<li data-start=\"1312\" data-end=\"1332\">\n<p data-start=\"1314\" data-end=\"1332\">Matchs en rotation<\/p>\n<\/li>\n<\/ul>\n<h4 data-start=\"1334\" data-end=\"1378\">\ud83d\udccc \u00c9tirements \/ retour au calme (5 min)<\/h4>\n<ul data-start=\"1379\" data-end=\"1430\">\n<li data-start=\"1379\" data-end=\"1398\">\n<p data-start=\"1381\" data-end=\"1398\">\u00c9tirements guid\u00e9s<\/p>\n<\/li>\n<li data-start=\"1399\" data-end=\"1430\">\n<p data-start=\"1401\" data-end=\"1430\">Petit bilan oral ou questions<\/p>\n<\/li>\n<\/ul>\n<p>[\/et_pb_text][\/et_pb_column][et_pb_column _builder_version=\u00a0\u00bb4.27.4&Prime; _module_preset=\u00a0\u00bbdefault\u00a0\u00bb type=\u00a0\u00bb1_2&Prime; theme_builder_area=\u00a0\u00bbpost_content\u00a0\u00bb][et_pb_image src=\u00a0\u00bbhttps:\/\/leo.webdigital.fr\/wp-content\/uploads\/2025\/06\/toma-junior-popov-et-christo-popov-respectivement-tete-de-serie-n-1-et-champion-en-titre-viennent-chercher-de-nouveaux-lauriers-a-besancon-photo-maxppp-julian-perez-1635860918.jpg\u00a0\u00bb _builder_version=\u00a0\u00bb4.27.4&Prime; _module_preset=\u00a0\u00bbdefault\u00a0\u00bb theme_builder_area=\u00a0\u00bbpost_content\u00a0\u00bb title_text=\u00a0\u00bbtoma-junior-popov-et-christo-popov-respectivement-tete-de-serie-n-1-et-champion-en-titre-viennent-chercher-de-nouveaux-lauriers-a-besancon-photo-maxppp-julian-perez-1635860918&Prime; hover_enabled=\u00a0\u00bb0&Prime; sticky_enabled=\u00a0\u00bb0&Prime;][\/et_pb_image][\/et_pb_column][\/et_pb_row][et_pb_row _builder_version=\u00a0\u00bb4.27.4&Prime; _module_preset=\u00a0\u00bbdefault\u00a0\u00bb column_structure=\u00a0\u00bb1_2,1_2&Prime; theme_builder_area=\u00a0\u00bbpost_content\u00a0\u00bb][et_pb_column _builder_version=\u00a0\u00bb4.27.4&Prime; _module_preset=\u00a0\u00bbdefault\u00a0\u00bb type=\u00a0\u00bb1_2&Prime; theme_builder_area=\u00a0\u00bbpost_content\u00a0\u00bb][et_pb_image src=\u00a0\u00bbhttps:\/\/leo.webdigital.fr\/wp-content\/uploads\/2025\/06\/sport-le-plus-cardio-entre-le-badminton-le-tennis-et-le-padel-1024&#215;707-1.webp\u00a0\u00bb _builder_version=\u00a0\u00bb4.27.4&Prime; _module_preset=\u00a0\u00bbdefault\u00a0\u00bb theme_builder_area=\u00a0\u00bbpost_content\u00a0\u00bb title_text=\u00a0\u00bbsport-le-plus-cardio-entre-le-badminton-le-tennis-et-le-padel-1024&#215;707&Prime; hover_enabled=\u00a0\u00bb0&Prime; sticky_enabled=\u00a0\u00bb0&Prime;][\/et_pb_image][\/et_pb_column][et_pb_column _builder_version=\u00a0\u00bb4.27.4&Prime; _module_preset=\u00a0\u00bbdefault\u00a0\u00bb type=\u00a0\u00bb1_2&Prime; theme_builder_area=\u00a0\u00bbpost_content\u00a0\u00bb][et_pb_text _builder_version=\u00a0\u00bb4.27.4&Prime; _module_preset=\u00a0\u00bbdefault\u00a0\u00bb theme_builder_area=\u00a0\u00bbpost_content\u00a0\u00bb hover_enabled=\u00a0\u00bb0&Prime; sticky_enabled=\u00a0\u00bb0&Prime; background_color=\u00a0\u00bb#1FD7E0&Prime;]<\/p>\n<h3 data-start=\"1437\" data-end=\"1470\"><span style=\"color: #f2f2f2;\"><strong data-start=\"1447\" data-end=\"1470\">Mat\u00e9riel n\u00e9cessaire<\/strong><\/span><\/h3>\n<ul data-start=\"1471\" data-end=\"1540\">\n<li data-start=\"1471\" data-end=\"1481\">\n<p data-start=\"1473\" data-end=\"1481\"><span style=\"color: #f2f2f2;\">Raquette<\/span><\/p>\n<\/li>\n<li data-start=\"1482\" data-end=\"1491\">\n<p data-start=\"1484\" data-end=\"1491\"><span style=\"color: #f2f2f2;\">Volants<\/span><\/p>\n<\/li>\n<li data-start=\"1492\" data-end=\"1509\">\n<p data-start=\"1494\" data-end=\"1509\"><span style=\"color: #f2f2f2;\">Bouteille d\u2019eau<\/span><\/p>\n<\/li>\n<li data-start=\"1510\" data-end=\"1540\">\n<p data-start=\"1512\" data-end=\"1540\"><span style=\"color: #f2f2f2;\">Chaussures de sport adapt\u00e9es<\/span><\/p>\n<\/li>\n<\/ul>\n<p>[\/et_pb_text][\/et_pb_column][\/et_pb_row][\/et_pb_section][et_pb_section fb_built=\u00a0\u00bb1&Prime; theme_builder_area=\u00a0\u00bbpost_content\u00a0\u00bb _builder_version=\u00a0\u00bb4.27.4&Prime; _module_preset=\u00a0\u00bbdefault\u00a0\u00bb][et_pb_row _builder_version=\u00a0\u00bb4.27.4&Prime; _module_preset=\u00a0\u00bbdefault\u00a0\u00bb theme_builder_area=\u00a0\u00bbpost_content\u00a0\u00bb][et_pb_column _builder_version=\u00a0\u00bb4.27.4&Prime; _module_preset=\u00a0\u00bbdefault\u00a0\u00bb type=\u00a0\u00bb4_4&Prime; theme_builder_area=\u00a0\u00bbpost_content\u00a0\u00bb][\/et_pb_column][\/et_pb_row][\/et_pb_section]<\/p>\n","protected":false},"excerpt":{"rendered":"<p>COURS &nbsp;Introduction rapide Explique ce que tu vas enseigner dans ce cours : Ce cours est destin\u00e9 aux d\u00e9butants. On y apprend la prise de raquette, les d\u00e9placements de base et les premi\u00e8res frappes simples (d\u00e9gagements et amortis). Objectifs du cours Liste courte : Am\u00e9liorer la posture Apprendre les coups de fond de court Travailler [&hellip;]<\/p>\n","protected":false},"author":1,"featured_media":0,"parent":0,"menu_order":0,"comment_status":"closed","ping_status":"closed","template":"","meta":{"_et_pb_use_builder":"on","_et_pb_old_content":"","_et_gb_content_width":"","footnotes":""},"class_list":["post-90","page","type-page","status-publish","hentry"],"_links":{"self":[{"href":"https:\/\/leo.webdigital.fr\/index.php?rest_route=\/wp\/v2\/pages\/90","targetHints":{"allow":["GET"]}}],"collection":[{"href":"https:\/\/leo.webdigital.fr\/index.php?rest_route=\/wp\/v2\/pages"}],"about":[{"href":"https:\/\/leo.webdigital.fr\/index.php?rest_route=\/wp\/v2\/types\/page"}],"author":[{"embeddable":true,"href":"https:\/\/leo.webdigital.fr\/index.php?rest_route=\/wp\/v2\/users\/1"}],"replies":[{"embeddable":true,"href":"https:\/\/leo.webdigital.fr\/index.php?rest_route=%2Fwp%2Fv2%2Fcomments&post=90"}],"version-history":[{"count":5,"href":"https:\/\/leo.webdigital.fr\/index.php?rest_route=\/wp\/v2\/pages\/90\/revisions"}],"predecessor-version":[{"id":165,"href":"https:\/\/leo.webdigital.fr\/index.php?rest_route=\/wp\/v2\/pages\/90\/revisions\/165"}],"wp:attachment":[{"href":"https:\/\/leo.webdigital.fr\/index.php?rest_route=%2Fwp%2Fv2%2Fmedia&parent=90"}],"curies":[{"name":"wp","href":"https:\/\/api.w.org\/{rel}","templated":true}]}}